{"id":805,"date":"2020-03-06T12:24:38","date_gmt":"2020-03-06T11:24:38","guid":{"rendered":"https:\/\/www.ralfs.de\/?page_id=805"},"modified":"2020-03-06T18:09:38","modified_gmt":"2020-03-06T17:09:38","slug":"teamentwicklung-teambuilding-seminar","status":"publish","type":"page","link":"https:\/\/www.ralfs.de\/hier-entsteht-eine-neue-homepage\/teamentwicklung-teambuilding-seminar\/","title":{"rendered":"Teamentwicklung Teambuilding Seminar"},"content":{"rendered":"\n<figure class=\"wp-block-image size-large is-resized\"><img loading=\"lazy\" src=\"https:\/\/www.ralfs.de\/wp-content\/uploads\/2020\/02\/P1010477-1024x683.jpg\" alt=\"\" class=\"wp-image-739\" width=\"1040\" height=\"693\" srcset=\"https:\/\/www.ralfs.de\/wp-content\/uploads\/2020\/02\/P1010477-1024x683.jpg 1024w, https:\/\/www.ralfs.de\/wp-content\/uploads\/2020\/02\/P1010477-300x200.jpg 300w, https:\/\/www.ralfs.de\/wp-content\/uploads\/2020\/02\/P1010477-768x512.jpg 768w, https:\/\/www.ralfs.de\/wp-content\/uploads\/2020\/02\/P1010477-1536x1024.jpg 1536w, https:\/\/www.ralfs.de\/wp-content\/uploads\/2020\/02\/P1010477-2048x1365.jpg 2048w\" sizes=\"(max-width: 1040px) 100vw, 1040px\" \/><\/figure>\n\n\n\n<div style=\"height:20px\" aria-hidden=\"true\" class=\"wp-block-spacer\"><\/div>\n\n\n\n<div class=\"wp-block-group\"><div class=\"wp-block-group__inner-container\">\n<h2>Ballon Art Teambuilding, um<\/h2>\n\n\n\n<div class=\"wp-block-columns\">\n<div class=\"wp-block-column\" style=\"flex-basis:11%\"><\/div>\n\n\n\n<div class=\"wp-block-column\" style=\"flex-basis:89%\">\n<ul><li style=\"margin-top: 14px; font-size: 1.2em; list-style-image: url('https:\/\/fairbrain.de\/wp-content\/uploads\/hook-gold_klein.png');\">Teamarbeit und Ergebnisorientierung zu st\u00e4rken <\/li><li style=\"margin-top: 14px; font-size: 1.2em; list-style-image: url('https:\/\/fairbrain.de\/wp-content\/uploads\/hook-gold_klein.png');\">Neue Teams zusammenzuf\u00fchren <\/li><li style=\"margin-top: 14px; font-size: 1.2em; list-style-image: url('https:\/\/fairbrain.de\/wp-content\/uploads\/hook-gold_klein.png');\">Bestehende Teams weiter zu entwickeln<\/li><li style=\"margin-top: 14px; font-size: 1.2em; list-style-image: url('https:\/\/fairbrain.de\/wp-content\/uploads\/hook-gold_klein.png');\">Seminare &amp; Tagungen auflockern <\/li><li style=\"margin-top: 14px; font-size: 1.2em; list-style-image: url('https:\/\/fairbrain.de\/wp-content\/uploads\/hook-gold_klein.png');\">Teams zu belohnen<\/li><li style=\"margin-top: 14px; font-size: 1.2em; list-style-image: url('https:\/\/fairbrain.de\/wp-content\/uploads\/hook-gold_klein.png');\">F\u00fchrungskr\u00e4fte im Team zu entdecken<\/li><li style=\"margin-top: 14px; font-size: 1.2em; list-style-image: url('https:\/\/fairbrain.de\/wp-content\/uploads\/hook-gold_klein.png');\">Arbeitsprinzipien zu vermitteln<\/li><\/ul>\n<\/div>\n<\/div>\n\n\n\n<div style=\"height:20px\" aria-hidden=\"true\" class=\"wp-block-spacer\"><\/div>\n\n\n\n<div style=\"height:20px\" aria-hidden=\"true\" class=\"wp-block-spacer\"><\/div>\n\n\n\n<h3>Das Ergebnis des Teambuilding ist sofort sichtbar und begreifbar.<\/h3>\n<\/div><\/div>\n\n\n\n<div style=\"height:41px\" aria-hidden=\"true\" class=\"wp-block-spacer\"><\/div>\n\n\n\n<h2><div style=\"font-size:12px; color:grey;\">Teamentwicklung + Teambuilding <\/div>\nWas erwartet Ihr Team?<\/h2>\n\n\n\n<div style=\"height:20px\" aria-hidden=\"true\" class=\"wp-block-spacer\"><\/div>\n\n\n\n<div class=\"wp-block-group\"><div class=\"wp-block-group__inner-container\">\n<div class=\"wp-block-group\"><div class=\"wp-block-group__inner-container\">\n<ul><li style=\"margin-top: 14px; font-size: 1.2em; list-style-image: url('https:\/\/fairbrain.de\/wp-content\/uploads\/hook-gold_klein.png');\">Sie lernen in einem Crachkurs die Techniken der Ballonmodellage. <\/li><li style=\"margin-top: 14px; font-size: 1.2em; list-style-image: url('https:\/\/fairbrain.de\/wp-content\/uploads\/hook-gold_klein.png');\">Sie erstellen gemeinsam einen riesigen beeindruckenden Ballondrachen.  <\/li><li style=\"margin-top: 14px; font-size: 1.2em; list-style-image: url('https:\/\/fairbrain.de\/wp-content\/uploads\/hook-gold_klein.png');\">Ihre Teamleistung wird mit einem Foto verewigt.<\/li><\/ul>\n<\/div><\/div>\n<\/div><\/div>\n\n\n\n<div style=\"height:100px\" aria-hidden=\"true\" class=\"wp-block-spacer\"><\/div>\n\n\n\n<figure class=\"wp-block-image size-large is-resized\"><img loading=\"lazy\" src=\"https:\/\/www.ralfs.de\/wp-content\/uploads\/2015\/09\/STATIONSFEST_2015-3-W900.jpg\" alt=\"\" class=\"wp-image-265\" width=\"1091\" height=\"726\" srcset=\"https:\/\/www.ralfs.de\/wp-content\/uploads\/2015\/09\/STATIONSFEST_2015-3-W900.jpg 900w, https:\/\/www.ralfs.de\/wp-content\/uploads\/2015\/09\/STATIONSFEST_2015-3-W900-300x200.jpg 300w, https:\/\/www.ralfs.de\/wp-content\/uploads\/2015\/09\/STATIONSFEST_2015-3-W900-600x400.jpg 600w\" sizes=\"(max-width: 1091px) 100vw, 1091px\" \/><figcaption>Drachen<\/figcaption><\/figure>\n\n\n\n<div style=\"height:100px\" aria-hidden=\"true\" class=\"wp-block-spacer\"><\/div>\n\n\n\n<h2><div style=\"font-size:12px; color:grey;\">Teamentwicklung + Teambuilding <\/div>\nWarum ein Ballondrachen f\u00fcr das Teambuilding?<\/h2>\n\n\n\n<ul><li style=\"margin-top: 14px; font-size: 1.2em;\">Jeden aus dem Team stellt die Produktion eines Ballondrachens vor neue Herausforderungen. Nicht einmal die Sportskanonen aus dem Team sind im Vorteil. Jeder agiert au\u00dferhalb seiner Komfortzone.<\/li><li style=\"margin-top: 14px; font-size: 1.2em;\">Ein Ballondrachen kann ein Team in einer \u00fcberschaubaren Zeit realisieren, wenn es als Team agiert.<\/li><li style=\"margin-top: 14px; font-size: 1.2em;\">Das Ergebnis der Teambuilding Ma\u00dfnahme ist sofort sichtbar und f\u00fcr alle begreifbar.<\/li><li style=\"margin-top: 14px; font-size: 1.2em;\">Damit der Ballondrachen gelingt, muss im Team<\/li><\/ul>\n\n\n\n<div class=\"wp-block-columns\">\n<div class=\"wp-block-column\" style=\"flex-basis:3%\"><\/div>\n\n\n\n<div class=\"wp-block-column\" style=\"flex-basis:97%\">\n<ul><li style=\"margin-top: 14px; font-size: 1.2em;\">Neues Wissen erworben werden<\/li><li style=\"margin-top: 14px; font-size: 1.2em;\">Arbeitssysteme geschaffen werden<\/li><li style=\"margin-top: 14px; font-size: 1.2em;\">Delegiert werden<\/li><li style=\"margin-top: 14px; font-size: 1.2em;\">Kontrolliert werden<\/li><li style=\"margin-top: 14px; font-size: 1.2em;\">Es werden Ergebnis orientierte Aufgabenbeschreibungen und Budget-Materialpl\u00e4ne ben\u00f6tigt<\/li><li style=\"margin-top: 14px; font-size: 1.2em;\">Nur wenn alle Arbeitsgruppen im Team zusammenwirken entsteht aus den Ballons eine gro\u00dfartige Skulptur.<\/li><li style=\"margin-top: 14px; font-size: 1.2em;\">Es werden grundlegende Arbeitsprinzipien vermittelt, wie z.B: Verantwortung \u00fcbernehmen, Ergebnisorientierung, Fokussierung auf St\u00e4rken, f\u00fcr gutes Klima sorgen, Vertrauen vertiefen&#8230;<\/li><\/ul>\n<\/div>\n<\/div>\n\n\n\n<div style=\"height:100px\" aria-hidden=\"true\" class=\"wp-block-spacer\"><\/div>\n\n\n\n<h2><div style=\"font-size:12px; color:grey;\">Teamentwicklung + Teambuilding <\/div>Wer leitet diese Team Building Ma\u00dfnahme?<\/h2>\n\n\n\nRalf Esslinger studierte Sozialp\u00e4dagogik an der Karlsh\u00f6he. Er hat den Abschluss zum CBA qualifizierten Ballondesigner. Er studierte K\u00f6rpersprache an der \u201eDesmond Jones School of Mime &amp; Physical Theatre\u201c  in London.\n\n\n\n<div style=\"height:26px\" aria-hidden=\"true\" class=\"wp-block-spacer\"><\/div>\n\n\n\n<ul><li style=\"margin-top: 14px; font-size: 1.2em;\">Ralf Esslinger macht Ihre Teammitglieder mit einem Crash-Kurs in die Ballonkunst fit f\u00fcr die handwerkliche Realisierung der Challenge.<\/li><li style=\"margin-top: 14px; font-size: 1.2em;\">Er leitet den workshop damit es eine echte Teamleistung wird.<\/li><\/ul>\n","protected":false},"excerpt":{"rendered":"<p>Teamentwicklung + Teambuilding Was erwartet Ihr Team? Teamentwicklung + Teambuilding Warum ein Ballondrachen f\u00fcr das Teambuilding? Jeden aus dem Team stellt die Produktion eines Ballondrachens vor neue Herausforderungen. Nicht einmal die Sportskanonen aus dem Team sind im Vorteil. Jeder agiert au\u00dferhalb seiner Komfortzone. Ein Ballondrachen kann ein Team in einer \u00fcberschaubaren Zeit realisieren, wenn es [&hellip;]<\/p>\n","protected":false},"author":2,"featured_media":0,"parent":0,"menu_order":0,"comment_status":"closed","ping_status":"closed","template":"","meta":[],"yoast_head":"<!-- This site is optimized with the Yoast SEO plugin v16.6.1 - https:\/\/yoast.com\/wordpress\/plugins\/seo\/ -->\n<title>Teamentwicklung Teambuilding Seminar -<\/title>\n<meta name=\"robots\" content=\"index, follow, max-snippet:-1, max-image-preview:large, max-video-preview:-1\" \/>\n<link rel=\"canonical\" href=\"https:\/\/www.ralfs.de\/hier-entsteht-eine-neue-homepage\/teamentwicklung-teambuilding-seminar\/\" \/>\n<meta property=\"og:locale\" content=\"de_DE\" \/>\n<meta property=\"og:type\" content=\"article\" \/>\n<meta property=\"og:title\" content=\"Teamentwicklung Teambuilding Seminar -\" \/>\n<meta property=\"og:description\" content=\"Teamentwicklung + Teambuilding Was erwartet Ihr Team? Teamentwicklung + Teambuilding Warum ein Ballondrachen f\u00fcr das Teambuilding? Jeden aus dem Team stellt die Produktion eines Ballondrachens vor neue Herausforderungen. Nicht einmal die Sportskanonen aus dem Team sind im Vorteil. Jeder agiert au\u00dferhalb seiner Komfortzone. Ein Ballondrachen kann ein Team in einer \u00fcberschaubaren Zeit realisieren, wenn es [&hellip;]\" \/>\n<meta property=\"og:url\" content=\"https:\/\/www.ralfs.de\/hier-entsteht-eine-neue-homepage\/teamentwicklung-teambuilding-seminar\/\" \/>\n<meta property=\"article:modified_time\" content=\"2020-03-06T17:09:38+00:00\" \/>\n<meta property=\"og:image\" content=\"https:\/\/www.ralfs.de\/wp-content\/uploads\/2020\/02\/P1010477-1024x683.jpg\" \/>\n<meta name=\"twitter:card\" content=\"summary_large_image\" \/>\n<meta name=\"twitter:label1\" content=\"Gesch\u00e4tzte Lesezeit\" \/>\n\t<meta name=\"twitter:data1\" content=\"1\u00a0Minute\" \/>\n<script type=\"application\/ld+json\" class=\"yoast-schema-graph\">{\"@context\":\"https:\/\/schema.org\",\"@graph\":[{\"@type\":\"WebSite\",\"@id\":\"https:\/\/www.ralfs.de\/hier-entsteht-eine-neue-homepage\/#website\",\"url\":\"https:\/\/www.ralfs.de\/hier-entsteht-eine-neue-homepage\/\",\"name\":\"\",\"description\":\"\",\"potentialAction\":[{\"@type\":\"SearchAction\",\"target\":{\"@type\":\"EntryPoint\",\"urlTemplate\":\"https:\/\/www.ralfs.de\/hier-entsteht-eine-neue-homepage\/?s={search_term_string}\"},\"query-input\":\"required name=search_term_string\"}],\"inLanguage\":\"de\"},{\"@type\":\"ImageObject\",\"@id\":\"https:\/\/www.ralfs.de\/hier-entsteht-eine-neue-homepage\/teamentwicklung-teambuilding-seminar\/#primaryimage\",\"inLanguage\":\"de\",\"url\":\"https:\/\/www.ralfs.de\/wp-content\/uploads\/2020\/02\/P1010477-1024x683.jpg\",\"contentUrl\":\"https:\/\/www.ralfs.de\/wp-content\/uploads\/2020\/02\/P1010477-1024x683.jpg\"},{\"@type\":\"WebPage\",\"@id\":\"https:\/\/www.ralfs.de\/hier-entsteht-eine-neue-homepage\/teamentwicklung-teambuilding-seminar\/#webpage\",\"url\":\"https:\/\/www.ralfs.de\/hier-entsteht-eine-neue-homepage\/teamentwicklung-teambuilding-seminar\/\",\"name\":\"Teamentwicklung Teambuilding Seminar -\",\"isPartOf\":{\"@id\":\"https:\/\/www.ralfs.de\/hier-entsteht-eine-neue-homepage\/#website\"},\"primaryImageOfPage\":{\"@id\":\"https:\/\/www.ralfs.de\/hier-entsteht-eine-neue-homepage\/teamentwicklung-teambuilding-seminar\/#primaryimage\"},\"datePublished\":\"2020-03-06T11:24:38+00:00\",\"dateModified\":\"2020-03-06T17:09:38+00:00\",\"breadcrumb\":{\"@id\":\"https:\/\/www.ralfs.de\/hier-entsteht-eine-neue-homepage\/teamentwicklung-teambuilding-seminar\/#breadcrumb\"},\"inLanguage\":\"de\",\"potentialAction\":[{\"@type\":\"ReadAction\",\"target\":[\"https:\/\/www.ralfs.de\/hier-entsteht-eine-neue-homepage\/teamentwicklung-teambuilding-seminar\/\"]}]},{\"@type\":\"BreadcrumbList\",\"@id\":\"https:\/\/www.ralfs.de\/hier-entsteht-eine-neue-homepage\/teamentwicklung-teambuilding-seminar\/#breadcrumb\",\"itemListElement\":[{\"@type\":\"ListItem\",\"position\":1,\"name\":\"Startseite\",\"item\":\"https:\/\/www.ralfs.de\/hier-entsteht-eine-neue-homepage\/\"},{\"@type\":\"ListItem\",\"position\":2,\"name\":\"Teamentwicklung Teambuilding Seminar\"}]}]}<\/script>\n<!-- \/ Yoast SEO plugin. -->","_links":{"self":[{"href":"https:\/\/www.ralfs.de\/hier-entsteht-eine-neue-homepage\/wp-json\/wp\/v2\/pages\/805"}],"collection":[{"href":"https:\/\/www.ralfs.de\/hier-entsteht-eine-neue-homepage\/wp-json\/wp\/v2\/pages"}],"about":[{"href":"https:\/\/www.ralfs.de\/hier-entsteht-eine-neue-homepage\/wp-json\/wp\/v2\/types\/page"}],"author":[{"embeddable":true,"href":"https:\/\/www.ralfs.de\/hier-entsteht-eine-neue-homepage\/wp-json\/wp\/v2\/users\/2"}],"replies":[{"embeddable":true,"href":"https:\/\/www.ralfs.de\/hier-entsteht-eine-neue-homepage\/wp-json\/wp\/v2\/comments?post=805"}],"version-history":[{"count":28,"href":"https:\/\/www.ralfs.de\/hier-entsteht-eine-neue-homepage\/wp-json\/wp\/v2\/pages\/805\/revisions"}],"predecessor-version":[{"id":860,"href":"https:\/\/www.ralfs.de\/hier-entsteht-eine-neue-homepage\/wp-json\/wp\/v2\/pages\/805\/revisions\/860"}],"wp:attachment":[{"href":"https:\/\/www.ralfs.de\/hier-entsteht-eine-neue-homepage\/wp-json\/wp\/v2\/media?parent=805"}],"curies":[{"name":"wp","href":"https:\/\/api.w.org\/{rel}","templated":true}]}}