{"id":6,"date":"2015-08-18T12:11:12","date_gmt":"2015-08-18T10:11:12","guid":{"rendered":"http:\/\/www.ralfs.de\/?page_id=6"},"modified":"2020-02-23T17:24:41","modified_gmt":"2020-02-23T16:24:41","slug":"ballonskulpturen","status":"publish","type":"page","link":"https:\/\/www.ralfs.de\/hier-entsteht-eine-neue-homepage\/ballonskulpturen\/","title":{"rendered":"Luftballonskulpturen"},"content":{"rendered":"<p><a href=\"http:\/\/www.ralfs.de\/wp-content\/uploads\/2015\/08\/RalfsMaimarkt_2012_010.jpg\" class=\"grouped_elements\" rel=\"tc-fancybox-group6\"><img loading=\"lazy\" class=\" wp-image-134 alignright\" src=\"http:\/\/www.ralfs.de\/wp-content\/uploads\/2015\/08\/RalfsMaimarkt_2012_010-300x241.jpg\" alt=\"RalfsMaimarkt_2012_010\" width=\"495\" height=\"398\" srcset=\"https:\/\/www.ralfs.de\/wp-content\/uploads\/2015\/08\/RalfsMaimarkt_2012_010-300x241.jpg 300w, https:\/\/www.ralfs.de\/wp-content\/uploads\/2015\/08\/RalfsMaimarkt_2012_010-1024x822.jpg 1024w\" sizes=\"(max-width: 495px) 100vw, 495px\" \/><\/a>Dekorationen aus Luftballoons sind auf jeder Veranstaltung ein echter Hingucker. Ob 3D-Skulpturen oder schicke Ballonw\u00e4nde, nahezu jeder Anlass kann von uns aufgegriffen und umgesetzt werden.<\/p>\n<p>So haben wir zum Beispiel auf dem Maimarkt in Mannheim diverse, auch belastbare, Ballonm\u00f6bel konstruiert und das Ganze mit h\u00fcbschen Ballonw\u00e4nden umrahmt.<\/p>\n<p><\/p>\n<h3><strong>Wie entstehen Ihre Ballonskulpturen?<\/strong><\/h3>\n<ol>\n<li>Wir sprechen gemeinsam \u00fcber Ihre W\u00fcnsche und Ihren Budgetrahmen?<\/li>\n<li>Wir entwerfen ein erstes Angebot mit einer entsprechenden Skizze.<\/li>\n<li>Gemeinsam besprechen wir den Entwurf und passen ihn Ihren Bed\u00fcrfnissen weiter an.<\/li>\n<li>Die Ballonskulptur wird geknotet. Entweder bei Ihnen vor Ort oder bei uns in der Halle.<\/li>\n<li>Ihre G\u00e4ste genie\u00dfen die Ballonskultur und Ihre Feier.<\/li>\n<\/ol>\n\n\n<div style=\"height:100px\" aria-hidden=\"true\" class=\"wp-block-spacer\"><\/div>\n\n\n\n<figure class=\"wp-block-image size-large is-resized is-style-default\"><img loading=\"lazy\" src=\"https:\/\/www.ralfs.de\/wp-content\/uploads\/2015\/08\/man__0016_IMG_4700.JPG-1024x682.jpg\" alt=\"\" class=\"wp-image-352\" width=\"1900\" height=\"660\"\/><\/figure>\n\n\n\n<div style=\"height:100px\" aria-hidden=\"true\" class=\"wp-block-spacer\"><\/div>\n\n\n\n<div class=\"wp-block-columns\">\n<div class=\"wp-block-column\">\n<figure class=\"wp-block-image size-large is-resized is-style-default\"><img loading=\"lazy\" src=\"https:\/\/www.ralfs.de\/wp-content\/uploads\/2015\/09\/DSC_0041-685x1024.jpg\" alt=\"\" class=\"wp-image-408\" width=\"553\" height=\"826\" srcset=\"https:\/\/www.ralfs.de\/wp-content\/uploads\/2015\/09\/DSC_0041-685x1024.jpg 685w, https:\/\/www.ralfs.de\/wp-content\/uploads\/2015\/09\/DSC_0041-201x300.jpg 201w, https:\/\/www.ralfs.de\/wp-content\/uploads\/2015\/09\/DSC_0041-600x896.jpg 600w, https:\/\/www.ralfs.de\/wp-content\/uploads\/2015\/09\/DSC_0041.jpg 1296w\" sizes=\"(max-width: 553px) 100vw, 553px\" \/><\/figure>\n<\/div>\n\n\n\n<div class=\"wp-block-column\">\n<figure class=\"wp-block-image size-large is-resized is-style-default\"><img loading=\"lazy\" src=\"https:\/\/www.ralfs.de\/wp-content\/uploads\/2015\/09\/DSC_0124-685x1024.jpg\" alt=\"\" class=\"wp-image-409\" width=\"592\" height=\"885\" srcset=\"https:\/\/www.ralfs.de\/wp-content\/uploads\/2015\/09\/DSC_0124-685x1024.jpg 685w, https:\/\/www.ralfs.de\/wp-content\/uploads\/2015\/09\/DSC_0124-201x300.jpg 201w, https:\/\/www.ralfs.de\/wp-content\/uploads\/2015\/09\/DSC_0124-600x896.jpg 600w, https:\/\/www.ralfs.de\/wp-content\/uploads\/2015\/09\/DSC_0124.jpg 1296w\" sizes=\"(max-width: 592px) 100vw, 592px\" \/><\/figure>\n<\/div>\n<\/div>\n\n\n\n<div style=\"height:100px\" aria-hidden=\"true\" class=\"wp-block-spacer\"><\/div>\n\n\n\n<div style=\"height:100px\" aria-hidden=\"true\" class=\"wp-block-spacer\"><\/div>\n\n\n\n<figure class=\"wp-block-image size-large is-resized is-style-default\"><img loading=\"lazy\" src=\"https:\/\/www.ralfs.de\/wp-content\/uploads\/2020\/02\/elefant_laster.jpg\" alt=\"\" class=\"wp-image-729\" width=\"1449\" height=\"1553\" srcset=\"https:\/\/www.ralfs.de\/wp-content\/uploads\/2020\/02\/elefant_laster.jpg 711w, https:\/\/www.ralfs.de\/wp-content\/uploads\/2020\/02\/elefant_laster-280x300.jpg 280w\" sizes=\"(max-width: 1449px) 100vw, 1449px\" \/><\/figure>\n","protected":false},"excerpt":{"rendered":"<p>Dekorationen aus Luftballoons sind auf jeder Veranstaltung ein echter Hingucker. Ob 3D-Skulpturen oder schicke Ballonw\u00e4nde, nahezu jeder Anlass kann von uns aufgegriffen und umgesetzt werden. So haben wir zum Beispiel auf dem Maimarkt in Mannheim diverse, auch belastbare, Ballonm\u00f6bel konstruiert und das Ganze mit h\u00fcbschen Ballonw\u00e4nden umrahmt. Wie entstehen Ihre Ballonskulpturen? Wir sprechen gemeinsam \u00fcber [&hellip;]<\/p>\n","protected":false},"author":1,"featured_media":0,"parent":0,"menu_order":0,"comment_status":"closed","ping_status":"closed","template":"","meta":[],"yoast_head":"<!-- This site is optimized with the Yoast SEO plugin v16.6.1 - https:\/\/yoast.com\/wordpress\/plugins\/seo\/ -->\n<title>Luftballonskulpturen -<\/title>\n<meta name=\"robots\" content=\"index, follow, max-snippet:-1, max-image-preview:large, max-video-preview:-1\" \/>\n<link rel=\"canonical\" href=\"https:\/\/www.ralfs.de\/hier-entsteht-eine-neue-homepage\/ballonskulpturen\/\" \/>\n<meta property=\"og:locale\" content=\"de_DE\" \/>\n<meta property=\"og:type\" content=\"article\" \/>\n<meta property=\"og:title\" content=\"Luftballonskulpturen -\" \/>\n<meta property=\"og:description\" content=\"Dekorationen aus Luftballoons sind auf jeder Veranstaltung ein echter Hingucker. Ob 3D-Skulpturen oder schicke Ballonw\u00e4nde, nahezu jeder Anlass kann von uns aufgegriffen und umgesetzt werden. So haben wir zum Beispiel auf dem Maimarkt in Mannheim diverse, auch belastbare, Ballonm\u00f6bel konstruiert und das Ganze mit h\u00fcbschen Ballonw\u00e4nden umrahmt. Wie entstehen Ihre Ballonskulpturen? Wir sprechen gemeinsam \u00fcber [&hellip;]\" \/>\n<meta property=\"og:url\" content=\"https:\/\/www.ralfs.de\/hier-entsteht-eine-neue-homepage\/ballonskulpturen\/\" \/>\n<meta property=\"article:modified_time\" content=\"2020-02-23T16:24:41+00:00\" \/>\n<meta property=\"og:image\" content=\"http:\/\/www.ralfs.de\/wp-content\/uploads\/2015\/08\/RalfsMaimarkt_2012_010-300x241.jpg\" \/>\n<meta name=\"twitter:card\" content=\"summary_large_image\" \/>\n<meta name=\"twitter:label1\" content=\"Gesch\u00e4tzte Lesezeit\" \/>\n\t<meta name=\"twitter:data1\" content=\"1\u00a0Minute\" \/>\n<script type=\"application\/ld+json\" class=\"yoast-schema-graph\">{\"@context\":\"https:\/\/schema.org\",\"@graph\":[{\"@type\":\"WebSite\",\"@id\":\"https:\/\/www.ralfs.de\/hier-entsteht-eine-neue-homepage\/#website\",\"url\":\"https:\/\/www.ralfs.de\/hier-entsteht-eine-neue-homepage\/\",\"name\":\"\",\"description\":\"\",\"potentialAction\":[{\"@type\":\"SearchAction\",\"target\":{\"@type\":\"EntryPoint\",\"urlTemplate\":\"https:\/\/www.ralfs.de\/hier-entsteht-eine-neue-homepage\/?s={search_term_string}\"},\"query-input\":\"required name=search_term_string\"}],\"inLanguage\":\"de\"},{\"@type\":\"ImageObject\",\"@id\":\"https:\/\/www.ralfs.de\/hier-entsteht-eine-neue-homepage\/ballonskulpturen\/#primaryimage\",\"inLanguage\":\"de\",\"url\":\"http:\/\/www.ralfs.de\/wp-content\/uploads\/2015\/08\/RalfsMaimarkt_2012_010-300x241.jpg\",\"contentUrl\":\"http:\/\/www.ralfs.de\/wp-content\/uploads\/2015\/08\/RalfsMaimarkt_2012_010-300x241.jpg\"},{\"@type\":\"WebPage\",\"@id\":\"https:\/\/www.ralfs.de\/hier-entsteht-eine-neue-homepage\/ballonskulpturen\/#webpage\",\"url\":\"https:\/\/www.ralfs.de\/hier-entsteht-eine-neue-homepage\/ballonskulpturen\/\",\"name\":\"Luftballonskulpturen -\",\"isPartOf\":{\"@id\":\"https:\/\/www.ralfs.de\/hier-entsteht-eine-neue-homepage\/#website\"},\"primaryImageOfPage\":{\"@id\":\"https:\/\/www.ralfs.de\/hier-entsteht-eine-neue-homepage\/ballonskulpturen\/#primaryimage\"},\"datePublished\":\"2015-08-18T10:11:12+00:00\",\"dateModified\":\"2020-02-23T16:24:41+00:00\",\"breadcrumb\":{\"@id\":\"https:\/\/www.ralfs.de\/hier-entsteht-eine-neue-homepage\/ballonskulpturen\/#breadcrumb\"},\"inLanguage\":\"de\",\"potentialAction\":[{\"@type\":\"ReadAction\",\"target\":[\"https:\/\/www.ralfs.de\/hier-entsteht-eine-neue-homepage\/ballonskulpturen\/\"]}]},{\"@type\":\"BreadcrumbList\",\"@id\":\"https:\/\/www.ralfs.de\/hier-entsteht-eine-neue-homepage\/ballonskulpturen\/#breadcrumb\",\"itemListElement\":[{\"@type\":\"ListItem\",\"position\":1,\"name\":\"Startseite\",\"item\":\"https:\/\/www.ralfs.de\/hier-entsteht-eine-neue-homepage\/\"},{\"@type\":\"ListItem\",\"position\":2,\"name\":\"Luftballonskulpturen\"}]}]}<\/script>\n<!-- \/ Yoast SEO plugin. -->","_links":{"self":[{"href":"https:\/\/www.ralfs.de\/hier-entsteht-eine-neue-homepage\/wp-json\/wp\/v2\/pages\/6"}],"collection":[{"href":"https:\/\/www.ralfs.de\/hier-entsteht-eine-neue-homepage\/wp-json\/wp\/v2\/pages"}],"about":[{"href":"https:\/\/www.ralfs.de\/hier-entsteht-eine-neue-homepage\/wp-json\/wp\/v2\/types\/page"}],"author":[{"embeddable":true,"href":"https:\/\/www.ralfs.de\/hier-entsteht-eine-neue-homepage\/wp-json\/wp\/v2\/users\/1"}],"replies":[{"embeddable":true,"href":"https:\/\/www.ralfs.de\/hier-entsteht-eine-neue-homepage\/wp-json\/wp\/v2\/comments?post=6"}],"version-history":[{"count":19,"href":"https:\/\/www.ralfs.de\/hier-entsteht-eine-neue-homepage\/wp-json\/wp\/v2\/pages\/6\/revisions"}],"predecessor-version":[{"id":763,"href":"https:\/\/www.ralfs.de\/hier-entsteht-eine-neue-homepage\/wp-json\/wp\/v2\/pages\/6\/revisions\/763"}],"wp:attachment":[{"href":"https:\/\/www.ralfs.de\/hier-entsteht-eine-neue-homepage\/wp-json\/wp\/v2\/media?parent=6"}],"curies":[{"name":"wp","href":"https:\/\/api.w.org\/{rel}","templated":true}]}}