{"id":4,"date":"2015-08-18T12:10:53","date_gmt":"2015-08-18T10:10:53","guid":{"rendered":"http:\/\/www.ralfs.de\/?page_id=4"},"modified":"2020-02-23T16:11:52","modified_gmt":"2020-02-23T15:11:52","slug":"luft-ballonkuenstler","status":"publish","type":"page","link":"https:\/\/www.ralfs.de\/hier-entsteht-eine-neue-homepage\/luft-ballonkuenstler\/","title":{"rendered":"Luft Ballonk\u00fcnstler"},"content":{"rendered":"<p>Wie beschreibt man einen Luftballon: Mit Leichtigkeit l\u00e4sst er einen unrealistischen Zustand zur Substanz werden. Mit innovativen Ideen und verr\u00fcckten, akzentsetzenden Aktionen wird die \u00d6ffentlichkeit zum Raum des k\u00fcnstlerischen Ausdrucks. Es gibt nicht l\u00e4nger Ballons in der Welt \u2013 die Welt wird aus Ballons geschaffen.<\/p>\n<p>Ideen realisieren sich und erhalten eine Form. H\u00f6chst kreative , visuelle Gestaltung als grenzenloser Spielraum, um neue Dimensionen entstehen zu lassen.<\/p>\n<p>Anfang des 19. Jahrhunderts wurde der Luftballon erfunden \u2013 und die Menschen begannen, Objekte aus Ballons zu formen \u2013 heute erobern Ballons neue R\u00e4ume und die Dimensionen scheinen sich dabei grenzenlos auszudehnen.<\/p>\n\n\n<div style=\"height:100px\" aria-hidden=\"true\" class=\"wp-block-spacer\"><\/div>\n\n\n\n<figure class=\"wp-block-image size-large is-resized\"><img loading=\"lazy\" src=\"https:\/\/www.ralfs.de\/wp-content\/uploads\/2020\/02\/MotorradBlau-1024x700.jpg\" alt=\"\" class=\"wp-image-740\" width=\"1008\" height=\"688\" srcset=\"https:\/\/www.ralfs.de\/wp-content\/uploads\/2020\/02\/MotorradBlau-1024x700.jpg 1024w, https:\/\/www.ralfs.de\/wp-content\/uploads\/2020\/02\/MotorradBlau-300x205.jpg 300w, https:\/\/www.ralfs.de\/wp-content\/uploads\/2020\/02\/MotorradBlau-768x525.jpg 768w\" sizes=\"(max-width: 1008px) 100vw, 1008px\" \/><\/figure>\n\n\n\n<div style=\"height:100px\" aria-hidden=\"true\" class=\"wp-block-spacer\"><\/div>\n\n\n\n<h2>Ballonk\u00fcnstler<\/h2>\n\n\n\n<p><em>Ballonmodellieren<\/em> oder <em>Ballonkunst<\/em> ist das Formen von  speziellen Luftballons zu Figuren aller Art, wobei h\u00e4ufig Tierfiguren  gew\u00e4hlt werden. Menschen, die Ballonfiguren herstellen, nennen sich <em>Twister<\/em> oder <em>Ballonk\u00fcnstler<\/em>. <\/p>\n\n\n\n<p>Durch Verdrehen der Modellierballons und Abdrehen von Luftkammern  innerhalb des Ballons entstehen die Ballonteile, die zum Beispiel den  Kopf, den Bauch und die Beine eines Hundes formen. Je nach  Vorstellungskraft und Geschick des Luftballonk\u00fcnstlers k\u00f6nnen die  unterschiedlichsten Skulpturen  geformt werden, entgegen der g\u00e4ngigen Bezeichnung \u201eBallontier\u201c nicht  nur Tiere, sondern auch Pflanzen, Fahrzeuge und andere Figuren. <\/p>\n\n\n\n<p>Die \u00fcblicherweise zum Ballonmodellieren ben\u00f6tigten Luftballons werden nach der Ma\u00dfeinheit Zoll  bezeichnet und hei\u00dfen \u201e260\u201c, abgeleitet von ihren Dimensionen: 2&nbsp;Zoll  im Durchmesser und 60&nbsp;Zoll in der L\u00e4nge (ca. 5&nbsp;cm \u00d7 150&nbsp;cm). Daneben  gibt es noch eine Menge weiterer Gr\u00f6\u00dfen, Formen und Farben. <\/p>\n\n\n\n<div style=\"height:100px\" aria-hidden=\"true\" class=\"wp-block-spacer\"><\/div>\n\n\n\n<figure class=\"wp-block-image size-large is-resized\"><img loading=\"lazy\" src=\"https:\/\/www.ralfs.de\/wp-content\/uploads\/2020\/02\/P1010477-1024x683.jpg\" alt=\"\" class=\"wp-image-739\" width=\"1004\" height=\"668\" srcset=\"https:\/\/www.ralfs.de\/wp-content\/uploads\/2020\/02\/P1010477-300x200.jpg 300w, https:\/\/www.ralfs.de\/wp-content\/uploads\/2020\/02\/P1010477-768x512.jpg 768w, https:\/\/www.ralfs.de\/wp-content\/uploads\/2020\/02\/P1010477-1536x1024.jpg 1536w, https:\/\/www.ralfs.de\/wp-content\/uploads\/2020\/02\/P1010477-2048x1365.jpg 2048w\" sizes=\"(max-width: 1004px) 100vw, 1004px\" \/><\/figure>\n\n\n\n<div style=\"height:100px\" aria-hidden=\"true\" class=\"wp-block-spacer\"><\/div>\n\n\n\n<h2>Geschichte des Luftballons<\/h2>\n\n\n\n<p> Der erste Gummiballon wurde im Jahre 1824 in London von Michael Faraday im Rahmen seiner Experimente mit Wasserstoff an der Institution in London hergestellt. Er verwendete Rohgummi,  aus dem er zwei runde Fl\u00e4chen schnitt, diese aufeinander legte und an  den R\u00e4ndern zusammendr\u00fcckte. Innen war der Ballon mit Mehl best\u00e4ubt, um  ein Aneinanderkleben der Fl\u00e4chen zu verhindern. Nach seinem Bericht im <em>Quarterly Journal of Science<\/em>  1824 dehnte sich dieser Ballon sehr stark aus, wurde transparent und  schwebte zur Decke. Bereits ein Jahr sp\u00e4ter, im Jahr 1825, wurde diese  Erfindung von dem Engl\u00e4nder Thomas Hancock (1786\u20131865) als Set verkauft, wobei man aus der Rohgummimasse mittels  einer Spritze die Ballons selbst herstellen musste. Da unvulkanisierter  Gummi sehr klebrig ist, war die Haltbarkeit gering. Vulkanisierte  Luftballons, hergestellt mit der noch heute gebr\u00e4uchlichen Tauchmethode,  wurden erstmals 1847 von J.&nbsp;G. Ingram in London hergestellt und  verkauft. <\/p>\n\n\n\n<div style=\"height:100px\" aria-hidden=\"true\" class=\"wp-block-spacer\"><\/div>\n\n\n\n<figure class=\"wp-block-image size-large is-resized\"><img loading=\"lazy\" src=\"https:\/\/www.ralfs.de\/wp-content\/uploads\/2020\/02\/65117980_307443823495921_8667635734410166272_n-1024x768.jpg\" alt=\"\" class=\"wp-image-737\" width=\"985\" height=\"739\" srcset=\"https:\/\/www.ralfs.de\/wp-content\/uploads\/2020\/02\/65117980_307443823495921_8667635734410166272_n-1024x768.jpg 1024w, https:\/\/www.ralfs.de\/wp-content\/uploads\/2020\/02\/65117980_307443823495921_8667635734410166272_n-300x225.jpg 300w, https:\/\/www.ralfs.de\/wp-content\/uploads\/2020\/02\/65117980_307443823495921_8667635734410166272_n-768x576.jpg 768w, https:\/\/www.ralfs.de\/wp-content\/uploads\/2020\/02\/65117980_307443823495921_8667635734410166272_n-1536x1152.jpg 1536w, https:\/\/www.ralfs.de\/wp-content\/uploads\/2020\/02\/65117980_307443823495921_8667635734410166272_n.jpg 1984w\" sizes=\"(max-width: 985px) 100vw, 985px\" \/><\/figure>\n","protected":false},"excerpt":{"rendered":"<p>Wie beschreibt man einen Luftballon: Mit Leichtigkeit l\u00e4sst er einen unrealistischen Zustand zur Substanz werden. Mit innovativen Ideen und verr\u00fcckten, akzentsetzenden Aktionen wird die \u00d6ffentlichkeit zum Raum des k\u00fcnstlerischen Ausdrucks. Es gibt nicht l\u00e4nger Ballons in der Welt \u2013 die Welt wird aus Ballons geschaffen. Ideen realisieren sich und erhalten eine Form. H\u00f6chst kreative , [&hellip;]<\/p>\n","protected":false},"author":1,"featured_media":0,"parent":0,"menu_order":0,"comment_status":"closed","ping_status":"closed","template":"","meta":[],"yoast_head":"<!-- This site is optimized with the Yoast SEO plugin v16.6.1 - https:\/\/yoast.com\/wordpress\/plugins\/seo\/ -->\n<title>Luft Ballonk\u00fcnstler -<\/title>\n<meta name=\"robots\" content=\"index, follow, max-snippet:-1, max-image-preview:large, max-video-preview:-1\" \/>\n<link rel=\"canonical\" href=\"https:\/\/www.ralfs.de\/hier-entsteht-eine-neue-homepage\/luft-ballonkuenstler\/\" \/>\n<meta property=\"og:locale\" content=\"de_DE\" \/>\n<meta property=\"og:type\" content=\"article\" \/>\n<meta property=\"og:title\" content=\"Luft Ballonk\u00fcnstler -\" \/>\n<meta property=\"og:description\" content=\"Wie beschreibt man einen Luftballon: Mit Leichtigkeit l\u00e4sst er einen unrealistischen Zustand zur Substanz werden. Mit innovativen Ideen und verr\u00fcckten, akzentsetzenden Aktionen wird die \u00d6ffentlichkeit zum Raum des k\u00fcnstlerischen Ausdrucks. Es gibt nicht l\u00e4nger Ballons in der Welt \u2013 die Welt wird aus Ballons geschaffen. Ideen realisieren sich und erhalten eine Form. H\u00f6chst kreative , [&hellip;]\" \/>\n<meta property=\"og:url\" content=\"https:\/\/www.ralfs.de\/hier-entsteht-eine-neue-homepage\/luft-ballonkuenstler\/\" \/>\n<meta property=\"article:modified_time\" content=\"2020-02-23T15:11:52+00:00\" \/>\n<meta property=\"og:image\" content=\"https:\/\/www.ralfs.de\/wp-content\/uploads\/2020\/02\/MotorradBlau-1024x700.jpg\" \/>\n<meta name=\"twitter:card\" content=\"summary_large_image\" \/>\n<meta name=\"twitter:label1\" content=\"Gesch\u00e4tzte Lesezeit\" \/>\n\t<meta name=\"twitter:data1\" content=\"2\u00a0Minuten\" \/>\n<script type=\"application\/ld+json\" class=\"yoast-schema-graph\">{\"@context\":\"https:\/\/schema.org\",\"@graph\":[{\"@type\":\"WebSite\",\"@id\":\"https:\/\/www.ralfs.de\/hier-entsteht-eine-neue-homepage\/#website\",\"url\":\"https:\/\/www.ralfs.de\/hier-entsteht-eine-neue-homepage\/\",\"name\":\"\",\"description\":\"\",\"potentialAction\":[{\"@type\":\"SearchAction\",\"target\":{\"@type\":\"EntryPoint\",\"urlTemplate\":\"https:\/\/www.ralfs.de\/hier-entsteht-eine-neue-homepage\/?s={search_term_string}\"},\"query-input\":\"required name=search_term_string\"}],\"inLanguage\":\"de\"},{\"@type\":\"ImageObject\",\"@id\":\"https:\/\/www.ralfs.de\/hier-entsteht-eine-neue-homepage\/luft-ballonkuenstler\/#primaryimage\",\"inLanguage\":\"de\",\"url\":\"https:\/\/www.ralfs.de\/wp-content\/uploads\/2020\/02\/MotorradBlau.jpg\",\"contentUrl\":\"https:\/\/www.ralfs.de\/wp-content\/uploads\/2020\/02\/MotorradBlau.jpg\",\"width\":2244,\"height\":1535},{\"@type\":\"WebPage\",\"@id\":\"https:\/\/www.ralfs.de\/hier-entsteht-eine-neue-homepage\/luft-ballonkuenstler\/#webpage\",\"url\":\"https:\/\/www.ralfs.de\/hier-entsteht-eine-neue-homepage\/luft-ballonkuenstler\/\",\"name\":\"Luft Ballonk\\u00fcnstler -\",\"isPartOf\":{\"@id\":\"https:\/\/www.ralfs.de\/hier-entsteht-eine-neue-homepage\/#website\"},\"primaryImageOfPage\":{\"@id\":\"https:\/\/www.ralfs.de\/hier-entsteht-eine-neue-homepage\/luft-ballonkuenstler\/#primaryimage\"},\"datePublished\":\"2015-08-18T10:10:53+00:00\",\"dateModified\":\"2020-02-23T15:11:52+00:00\",\"breadcrumb\":{\"@id\":\"https:\/\/www.ralfs.de\/hier-entsteht-eine-neue-homepage\/luft-ballonkuenstler\/#breadcrumb\"},\"inLanguage\":\"de\",\"potentialAction\":[{\"@type\":\"ReadAction\",\"target\":[\"https:\/\/www.ralfs.de\/hier-entsteht-eine-neue-homepage\/luft-ballonkuenstler\/\"]}]},{\"@type\":\"BreadcrumbList\",\"@id\":\"https:\/\/www.ralfs.de\/hier-entsteht-eine-neue-homepage\/luft-ballonkuenstler\/#breadcrumb\",\"itemListElement\":[{\"@type\":\"ListItem\",\"position\":1,\"name\":\"Startseite\",\"item\":\"https:\/\/www.ralfs.de\/hier-entsteht-eine-neue-homepage\/\"},{\"@type\":\"ListItem\",\"position\":2,\"name\":\"Luft Ballonk\\u00fcnstler\"}]}]}<\/script>\n<!-- \/ Yoast SEO plugin. -->","_links":{"self":[{"href":"https:\/\/www.ralfs.de\/hier-entsteht-eine-neue-homepage\/wp-json\/wp\/v2\/pages\/4"}],"collection":[{"href":"https:\/\/www.ralfs.de\/hier-entsteht-eine-neue-homepage\/wp-json\/wp\/v2\/pages"}],"about":[{"href":"https:\/\/www.ralfs.de\/hier-entsteht-eine-neue-homepage\/wp-json\/wp\/v2\/types\/page"}],"author":[{"embeddable":true,"href":"https:\/\/www.ralfs.de\/hier-entsteht-eine-neue-homepage\/wp-json\/wp\/v2\/users\/1"}],"replies":[{"embeddable":true,"href":"https:\/\/www.ralfs.de\/hier-entsteht-eine-neue-homepage\/wp-json\/wp\/v2\/comments?post=4"}],"version-history":[{"count":7,"href":"https:\/\/www.ralfs.de\/hier-entsteht-eine-neue-homepage\/wp-json\/wp\/v2\/pages\/4\/revisions"}],"predecessor-version":[{"id":749,"href":"https:\/\/www.ralfs.de\/hier-entsteht-eine-neue-homepage\/wp-json\/wp\/v2\/pages\/4\/revisions\/749"}],"wp:attachment":[{"href":"https:\/\/www.ralfs.de\/hier-entsteht-eine-neue-homepage\/wp-json\/wp\/v2\/media?parent=4"}],"curies":[{"name":"wp","href":"https:\/\/api.w.org\/{rel}","templated":true}]}}