{"id":26,"date":"2015-08-18T12:13:48","date_gmt":"2015-08-18T10:13:48","guid":{"rendered":"http:\/\/www.ralfs.de\/?page_id=26"},"modified":"2020-02-23T17:14:46","modified_gmt":"2020-02-23T16:14:46","slug":"ralf-esslinger","status":"publish","type":"page","link":"https:\/\/www.ralfs.de\/hier-entsteht-eine-neue-homepage\/ralf-esslinger\/","title":{"rendered":"Ralf Esslinger"},"content":{"rendered":"\n<div style=\"height:50px\" aria-hidden=\"true\" class=\"wp-block-spacer\"><\/div>\n\n\n\n<div class=\"wp-block-columns\">\n<div class=\"wp-block-column\" style=\"flex-basis:33.33%\">\n<figure class=\"wp-block-image size-large is-resized is-style-default\"><img loading=\"lazy\" src=\"https:\/\/www.ralfs.de\/wp-content\/uploads\/2020\/02\/Esslinger-1.jpg\" alt=\"\" class=\"wp-image-589\" width=\"522\" height=\"1022\" srcset=\"https:\/\/www.ralfs.de\/wp-content\/uploads\/2020\/02\/Esslinger-1.jpg 213w, https:\/\/www.ralfs.de\/wp-content\/uploads\/2020\/02\/Esslinger-1-153x300.jpg 153w\" sizes=\"(max-width: 522px) 100vw, 522px\" \/><\/figure>\n<\/div>\n\n\n\n<div class=\"wp-block-column\" style=\"flex-basis:66.66%\">\n<ul><li style=\"margin-top: 11px; font-size: 1.0em; list-style-image: url('https:\/\/fairbrain.de\/wp-content\/uploads\/hook-gold_klein.png');\">\n\tStudium\n\tKarlsh\u00f6he &#8211; Sozialp\u00e4dagoge mit Schwerpunkt Kinder- und\n\tJugendarbeit \n\t\n\t<\/li><li style=\"margin-top: 11px; font-size: 1.0em; list-style-image: url('https:\/\/fairbrain.de\/wp-content\/uploads\/hook-gold_klein.png');\">\n\tAusbildung\n\tan der \u201eDesmond Jones School of Mime &amp; Physical Theatre\u201c \/\n\tLondon \n\t\n\t<\/li><li style=\"margin-top: 11px; font-size: 1.0em; list-style-image: url('https:\/\/fairbrain.de\/wp-content\/uploads\/hook-gold_klein.png');\">\n\tAbschluss\n\tCBA qualifizierter Ballondesigner \n\t\n\t<\/li><li style=\"margin-top: 11px; font-size: 1.0em; list-style-image: url('https:\/\/fairbrain.de\/wp-content\/uploads\/hook-gold_klein.png');\">\n\tAuszeichnung\n\tzum K\u00fcnstler des Jahres 1999 \n\t\n\t<\/li><li style=\"margin-top: 11px; font-size: 1.0em; list-style-image: url('https:\/\/fairbrain.de\/wp-content\/uploads\/hook-gold_klein.png');\">\n\tWeltrekordhalter\n\tim Modellieren von Ballonblumen \n\t\n\t<\/li><li style=\"margin-top: 11px; font-size: 1.0em; list-style-image: url('https:\/\/fairbrain.de\/wp-content\/uploads\/hook-gold_klein.png');\">\n\tzahlreiche\n\tFernsehauftritte u.a. \u201eWetten Dass&#8230;?\u201c in Deutschland und China\n\t\n\t\n\t<\/li><li style=\"margin-top: 11px; font-size: 1.0em; list-style-image: url('https:\/\/fairbrain.de\/wp-content\/uploads\/hook-gold_klein.png');\">\n\tEntwicklung\n\tund Realisierung der bis dahin weltweit gr\u00f6\u00dften Balloon Art\n\tAusstellung zum Thema Luft und Luftballon, dreisprachig pr\u00e4sentiert\n\t\n\t\n\t<\/li><li style=\"margin-top: 11px; font-size: 1.0em; list-style-image: url('https:\/\/fairbrain.de\/wp-content\/uploads\/hook-gold_klein.png');\">\n\tBau\n\teines MAN LKW in Originalgr\u00f6\u00dfe \n\t\n\t<\/li><li style=\"margin-top: 11px; font-size: 1.0em; list-style-image: url('https:\/\/fairbrain.de\/wp-content\/uploads\/hook-gold_klein.png');\">\n\tWeltrekordworkshop\n\tim Ballonblumenknoten in einer Live TV-Show des SWR \n\t\n\t<\/li><li style=\"margin-top: 11px; font-size: 1.0em; list-style-image: url('https:\/\/fairbrain.de\/wp-content\/uploads\/hook-gold_klein.png');\">Teil\n\tdes Weltrekordteams beim Aufbau des gr\u00f6\u00dften zusammenh\u00e4ngen\n\tBallonobjekts aus 365.000 Ballons (Xiamen, China)\n\t\n\t\n<\/li><\/ul>\n<\/div>\n<\/div>\n\n\n\n<div style=\"height:100px\" aria-hidden=\"true\" class=\"wp-block-spacer\"><\/div>\n\n\n\n<div class=\"wp-block-columns\">\n<div class=\"wp-block-column\"><\/div>\n\n\n\n<div class=\"wp-block-column\"><\/div>\n<\/div>\n\n\n\n<figure class=\"wp-block-image size-large is-resized\"><img loading=\"lazy\" src=\"https:\/\/www.ralfs.de\/wp-content\/uploads\/2020\/02\/65117980_307443823495921_8667635734410166272_n-1024x768.jpg\" alt=\"\" class=\"wp-image-737\" width=\"1405\" height=\"1054\" srcset=\"https:\/\/www.ralfs.de\/wp-content\/uploads\/2020\/02\/65117980_307443823495921_8667635734410166272_n-1024x768.jpg 1024w, https:\/\/www.ralfs.de\/wp-content\/uploads\/2020\/02\/65117980_307443823495921_8667635734410166272_n-300x225.jpg 300w, https:\/\/www.ralfs.de\/wp-content\/uploads\/2020\/02\/65117980_307443823495921_8667635734410166272_n-768x576.jpg 768w, https:\/\/www.ralfs.de\/wp-content\/uploads\/2020\/02\/65117980_307443823495921_8667635734410166272_n-1536x1152.jpg 1536w, https:\/\/www.ralfs.de\/wp-content\/uploads\/2020\/02\/65117980_307443823495921_8667635734410166272_n.jpg 1984w\" sizes=\"(max-width: 1405px) 100vw, 1405px\" \/><\/figure>\n\n\n\n<div style=\"height:100px\" aria-hidden=\"true\" class=\"wp-block-spacer\"><\/div>\n\n\n\n<figure class=\"wp-block-image size-large is-resized\"><img loading=\"lazy\" src=\"https:\/\/www.ralfs.de\/wp-content\/uploads\/2020\/02\/MotorradBlau-1024x700.jpg\" alt=\"\" class=\"wp-image-740\" width=\"1410\" height=\"963\" srcset=\"https:\/\/www.ralfs.de\/wp-content\/uploads\/2020\/02\/MotorradBlau-1024x700.jpg 1024w, https:\/\/www.ralfs.de\/wp-content\/uploads\/2020\/02\/MotorradBlau-300x205.jpg 300w, https:\/\/www.ralfs.de\/wp-content\/uploads\/2020\/02\/MotorradBlau-768x525.jpg 768w\" sizes=\"(max-width: 1410px) 100vw, 1410px\" \/><\/figure>\n","protected":false},"excerpt":{"rendered":"<p>Studium Karlsh\u00f6he &#8211; Sozialp\u00e4dagoge mit Schwerpunkt Kinder- und Jugendarbeit Ausbildung an der \u201eDesmond Jones School of Mime &amp; Physical Theatre\u201c \/ London Abschluss CBA qualifizierter Ballondesigner Auszeichnung zum K\u00fcnstler des Jahres 1999 Weltrekordhalter im Modellieren von Ballonblumen zahlreiche Fernsehauftritte u.a. \u201eWetten Dass&#8230;?\u201c in Deutschland und China Entwicklung und Realisierung der bis dahin weltweit gr\u00f6\u00dften Balloon [&hellip;]<\/p>\n","protected":false},"author":1,"featured_media":589,"parent":0,"menu_order":0,"comment_status":"open","ping_status":"open","template":"","meta":[],"yoast_head":"<!-- This site is optimized with the Yoast SEO plugin v16.6.1 - https:\/\/yoast.com\/wordpress\/plugins\/seo\/ -->\n<title>Ralf Esslinger -<\/title>\n<meta name=\"robots\" content=\"index, follow, max-snippet:-1, max-image-preview:large, max-video-preview:-1\" \/>\n<link rel=\"canonical\" href=\"https:\/\/www.ralfs.de\/hier-entsteht-eine-neue-homepage\/ralf-esslinger\/\" \/>\n<meta property=\"og:locale\" content=\"de_DE\" \/>\n<meta property=\"og:type\" content=\"article\" \/>\n<meta property=\"og:title\" content=\"Ralf Esslinger -\" \/>\n<meta property=\"og:description\" content=\"Studium Karlsh\u00f6he &#8211; Sozialp\u00e4dagoge mit Schwerpunkt Kinder- und Jugendarbeit Ausbildung an der \u201eDesmond Jones School of Mime &amp; Physical Theatre\u201c \/ London Abschluss CBA qualifizierter Ballondesigner Auszeichnung zum K\u00fcnstler des Jahres 1999 Weltrekordhalter im Modellieren von Ballonblumen zahlreiche Fernsehauftritte u.a. \u201eWetten Dass&#8230;?\u201c in Deutschland und China Entwicklung und Realisierung der bis dahin weltweit gr\u00f6\u00dften Balloon [&hellip;]\" \/>\n<meta property=\"og:url\" content=\"https:\/\/www.ralfs.de\/hier-entsteht-eine-neue-homepage\/ralf-esslinger\/\" \/>\n<meta property=\"article:modified_time\" content=\"2020-02-23T16:14:46+00:00\" \/>\n<meta property=\"og:image\" content=\"https:\/\/www.ralfs.de\/wp-content\/uploads\/2020\/02\/Esslinger-1.jpg\" \/>\n\t<meta property=\"og:image:width\" content=\"213\" \/>\n\t<meta property=\"og:image:height\" content=\"417\" \/>\n<meta name=\"twitter:card\" content=\"summary_large_image\" \/>\n<script type=\"application\/ld+json\" class=\"yoast-schema-graph\">{\"@context\":\"https:\/\/schema.org\",\"@graph\":[{\"@type\":\"WebSite\",\"@id\":\"https:\/\/www.ralfs.de\/hier-entsteht-eine-neue-homepage\/#website\",\"url\":\"https:\/\/www.ralfs.de\/hier-entsteht-eine-neue-homepage\/\",\"name\":\"\",\"description\":\"\",\"potentialAction\":[{\"@type\":\"SearchAction\",\"target\":{\"@type\":\"EntryPoint\",\"urlTemplate\":\"https:\/\/www.ralfs.de\/hier-entsteht-eine-neue-homepage\/?s={search_term_string}\"},\"query-input\":\"required name=search_term_string\"}],\"inLanguage\":\"de\"},{\"@type\":\"ImageObject\",\"@id\":\"https:\/\/www.ralfs.de\/hier-entsteht-eine-neue-homepage\/ralf-esslinger\/#primaryimage\",\"inLanguage\":\"de\",\"url\":\"https:\/\/www.ralfs.de\/wp-content\/uploads\/2020\/02\/Esslinger-1.jpg\",\"contentUrl\":\"https:\/\/www.ralfs.de\/wp-content\/uploads\/2020\/02\/Esslinger-1.jpg\",\"width\":213,\"height\":417},{\"@type\":\"WebPage\",\"@id\":\"https:\/\/www.ralfs.de\/hier-entsteht-eine-neue-homepage\/ralf-esslinger\/#webpage\",\"url\":\"https:\/\/www.ralfs.de\/hier-entsteht-eine-neue-homepage\/ralf-esslinger\/\",\"name\":\"Ralf Esslinger -\",\"isPartOf\":{\"@id\":\"https:\/\/www.ralfs.de\/hier-entsteht-eine-neue-homepage\/#website\"},\"primaryImageOfPage\":{\"@id\":\"https:\/\/www.ralfs.de\/hier-entsteht-eine-neue-homepage\/ralf-esslinger\/#primaryimage\"},\"datePublished\":\"2015-08-18T10:13:48+00:00\",\"dateModified\":\"2020-02-23T16:14:46+00:00\",\"breadcrumb\":{\"@id\":\"https:\/\/www.ralfs.de\/hier-entsteht-eine-neue-homepage\/ralf-esslinger\/#breadcrumb\"},\"inLanguage\":\"de\",\"potentialAction\":[{\"@type\":\"ReadAction\",\"target\":[\"https:\/\/www.ralfs.de\/hier-entsteht-eine-neue-homepage\/ralf-esslinger\/\"]}]},{\"@type\":\"BreadcrumbList\",\"@id\":\"https:\/\/www.ralfs.de\/hier-entsteht-eine-neue-homepage\/ralf-esslinger\/#breadcrumb\",\"itemListElement\":[{\"@type\":\"ListItem\",\"position\":1,\"name\":\"Startseite\",\"item\":\"https:\/\/www.ralfs.de\/hier-entsteht-eine-neue-homepage\/\"},{\"@type\":\"ListItem\",\"position\":2,\"name\":\"Ralf Esslinger\"}]}]}<\/script>\n<!-- \/ Yoast SEO plugin. -->","_links":{"self":[{"href":"https:\/\/www.ralfs.de\/hier-entsteht-eine-neue-homepage\/wp-json\/wp\/v2\/pages\/26"}],"collection":[{"href":"https:\/\/www.ralfs.de\/hier-entsteht-eine-neue-homepage\/wp-json\/wp\/v2\/pages"}],"about":[{"href":"https:\/\/www.ralfs.de\/hier-entsteht-eine-neue-homepage\/wp-json\/wp\/v2\/types\/page"}],"author":[{"embeddable":true,"href":"https:\/\/www.ralfs.de\/hier-entsteht-eine-neue-homepage\/wp-json\/wp\/v2\/users\/1"}],"replies":[{"embeddable":true,"href":"https:\/\/www.ralfs.de\/hier-entsteht-eine-neue-homepage\/wp-json\/wp\/v2\/comments?post=26"}],"version-history":[{"count":18,"href":"https:\/\/www.ralfs.de\/hier-entsteht-eine-neue-homepage\/wp-json\/wp\/v2\/pages\/26\/revisions"}],"predecessor-version":[{"id":748,"href":"https:\/\/www.ralfs.de\/hier-entsteht-eine-neue-homepage\/wp-json\/wp\/v2\/pages\/26\/revisions\/748"}],"wp:featuredmedia":[{"embeddable":true,"href":"https:\/\/www.ralfs.de\/hier-entsteht-eine-neue-homepage\/wp-json\/wp\/v2\/media\/589"}],"wp:attachment":[{"href":"https:\/\/www.ralfs.de\/hier-entsteht-eine-neue-homepage\/wp-json\/wp\/v2\/media?parent=26"}],"curies":[{"name":"wp","href":"https:\/\/api.w.org\/{rel}","templated":true}]}}