{"id":24,"date":"2015-08-18T12:13:32","date_gmt":"2015-08-18T10:13:32","guid":{"rendered":"http:\/\/www.ralfs.de\/?page_id=24"},"modified":"2020-02-23T17:06:54","modified_gmt":"2020-02-23T16:06:54","slug":"luftballon-dekoration","status":"publish","type":"page","link":"https:\/\/www.ralfs.de\/hier-entsteht-eine-neue-homepage\/luftballon-dekoration\/","title":{"rendered":"Luftballon Dekoration"},"content":{"rendered":"\n<div class=\"wp-block-columns\">\n<div class=\"wp-block-column\" style=\"flex-basis:90%\">\n<h2>Wir k\u00fcmmern uns um Ihre Luftballondekoration.<\/h2>\n<p><strong>Von der klassischen S\u00e4ule, \u00fcber Tischdekorationen bis hin zur Gestaltung kompletter Hallen.<\/strong><\/p>\n<\/div>\n\n\n\n<div class=\"wp-block-column\" style=\"flex-basis:10%\"><\/div>\n<\/div>\n\n\n\n<div class=\"wp-block-columns\">\n<div class=\"wp-block-column\" style=\"flex-basis:63%\">\n<p>Gemeinsam mit Ihnen, erstellen wir das Konzept, die Farbsprache, die Designelemente und produzieren schussendlich die k\u00fcnstlerische Luftballondekoration. <\/p>\n\n\n\n<p class=\"has-normal-font-size\"><strong>Ma\u00dfgeschneidert f\u00fcr Ihren Anlass, gem\u00e4\u00df Ihrem Budget.<\/strong><\/p>\n<\/div>\n\n\n\n<div class=\"wp-block-column\" style=\"flex-basis:37%\"><\/div>\n<\/div>\n\n\n\n<div class=\"wp-block-columns\">\n<div class=\"wp-block-column\" style=\"flex-basis:90%\">\n<p class=\"has-medium-font-size\">Setzen Sie auf 20 j\u00e4hrige Erfahrung und das Know How aus vielen Gro\u00dfprojekten u.a. f\u00fcr die <a href=\"https:\/\/www.ralfs.de\/referenzen\/\">Landesmesse Stuttgart.<\/a><\/p>\n<\/div>\n\n\n\n<div class=\"wp-block-column\" style=\"flex-basis:10%\"><\/div>\n<\/div>\n\n\n\n<div style=\"height:100px\" aria-hidden=\"true\" class=\"wp-block-spacer\"><\/div>\n\n\n\n<h2>7 Tipps f\u00fcr Ihre Luftballondekoration<\/h2>\n\n\n\n<ol><li><strong>F\u00fcr wen ist die Luftballondekoration:<\/strong>  Ist es ein Kinderfest oder ein festlicher Anlass f\u00fcr Erwachsenen? Dies entscheidet die Grundlagen f\u00fcr Ihre Ballondekoration. Quitsche bunt oder mit einer klaren Farbsprache, welche den Anlass unterstreicht.<\/li><li><strong>Weniger ist oft mehr<\/strong> bei der Luftballondekoration.<\/li><li><strong>Umfang der Luftballondekoration<\/strong>: Soll der Raum an sich dekoriert werden oder kleine i-T\u00fcpfelchen gesetzt werden.<\/li><li><strong>Welches Budget<\/strong> m\u00f6chten Sie f\u00fcr die Luftballondekoration einplanen. Gro\u00dfe Luftballonskulpturen sprengen schnell das Budget. Bitte bereits in der Planungsphase \u00fcber einen Budgethorizont, damit der Traum aus Luftballons auch realisiert werden kann.<\/li><li><strong>Haltbarkeit<\/strong>:  Luftballons verlieren Luft das ist Fakt. Bei Festen, welche mehrere Tage dauern, empfiehlt es sich die Luftballondekoration nachzukn\u00fcpfen. Einzelne Luftballons auszutauschen.<\/li><li><strong>Tischdekoration Hochzeit:<\/strong> Der Vorteil von Dekorationselementen aus Luftballons ist, dass keine gef\u00fcllte Vasen umkippen k\u00f6nnen. Au\u00dferdem besteht nicht dieGefahr, dass die Deko am Abend bereits welk ist. Bei manchen Hochzeiten wurde auch eine gemischte Dekoration aus Blumen und Ballons genutzt.<\/li><li>Mit einer Luftballondekoration k\u00f6nnen Hallenbereiche separiert werden mit jeweils einer anderen Stimmung.<\/li><\/ol>\n\n\n\n<div style=\"height:100px\" aria-hidden=\"true\" class=\"wp-block-spacer\"><\/div>\n\n\n\n<figure class=\"wp-block-image size-large is-resized\"><img loading=\"lazy\" src=\"https:\/\/www.ralfs.de\/wp-content\/uploads\/2020\/02\/65117980_307443823495921_8667635734410166272_n-1024x768.jpg\" alt=\"\" class=\"wp-image-737\" width=\"1231\" height=\"923\" srcset=\"https:\/\/www.ralfs.de\/wp-content\/uploads\/2020\/02\/65117980_307443823495921_8667635734410166272_n-1024x768.jpg 1024w, https:\/\/www.ralfs.de\/wp-content\/uploads\/2020\/02\/65117980_307443823495921_8667635734410166272_n-300x225.jpg 300w, https:\/\/www.ralfs.de\/wp-content\/uploads\/2020\/02\/65117980_307443823495921_8667635734410166272_n-768x576.jpg 768w, https:\/\/www.ralfs.de\/wp-content\/uploads\/2020\/02\/65117980_307443823495921_8667635734410166272_n-1536x1152.jpg 1536w, https:\/\/www.ralfs.de\/wp-content\/uploads\/2020\/02\/65117980_307443823495921_8667635734410166272_n.jpg 1984w\" sizes=\"(max-width: 1231px) 100vw, 1231px\" \/><\/figure>\n\n\n\n<div style=\"height:100px\" aria-hidden=\"true\" class=\"wp-block-spacer\"><\/div>\n\n\n\n<figure class=\"wp-block-image size-large is-resized\"><img loading=\"lazy\" src=\"https:\/\/www.ralfs.de\/wp-content\/uploads\/2020\/02\/Bogen-1024x768.jpg\" alt=\"\" class=\"wp-image-751\" width=\"1162\" height=\"872\" srcset=\"https:\/\/www.ralfs.de\/wp-content\/uploads\/2020\/02\/Bogen-1024x768.jpg 1024w, https:\/\/www.ralfs.de\/wp-content\/uploads\/2020\/02\/Bogen-300x225.jpg 300w, https:\/\/www.ralfs.de\/wp-content\/uploads\/2020\/02\/Bogen-768x576.jpg 768w, https:\/\/www.ralfs.de\/wp-content\/uploads\/2020\/02\/Bogen-1536x1152.jpg 1536w, https:\/\/www.ralfs.de\/wp-content\/uploads\/2020\/02\/Bogen.jpg 1984w\" sizes=\"(max-width: 1162px) 100vw, 1162px\" \/><\/figure>\n\n\n\n<div style=\"height:100px\" aria-hidden=\"true\" class=\"wp-block-spacer\"><\/div>\n\n\n\n<figure class=\"wp-block-image size-large is-resized\"><img loading=\"lazy\" src=\"https:\/\/www.ralfs.de\/wp-content\/uploads\/2020\/02\/P1010361-1024x683.jpg\" alt=\"\" class=\"wp-image-752\" width=\"1137\" height=\"758\" srcset=\"https:\/\/www.ralfs.de\/wp-content\/uploads\/2020\/02\/P1010361-1024x683.jpg 1024w, https:\/\/www.ralfs.de\/wp-content\/uploads\/2020\/02\/P1010361-300x200.jpg 300w, https:\/\/www.ralfs.de\/wp-content\/uploads\/2020\/02\/P1010361-768x512.jpg 768w, https:\/\/www.ralfs.de\/wp-content\/uploads\/2020\/02\/P1010361-1536x1024.jpg 1536w, https:\/\/www.ralfs.de\/wp-content\/uploads\/2020\/02\/P1010361-2048x1365.jpg 2048w\" sizes=\"(max-width: 1137px) 100vw, 1137px\" \/><figcaption>Tunnel aus Luftballons<\/figcaption><\/figure>\n\n\n\n<div style=\"height:100px\" aria-hidden=\"true\" class=\"wp-block-spacer\"><\/div>\n\n\n\n<figure class=\"wp-block-image size-large is-resized\"><img loading=\"lazy\" src=\"https:\/\/www.ralfs.de\/wp-content\/uploads\/2020\/02\/s\u00e4ulen-768x1024.jpg\" alt=\"\" class=\"wp-image-753\" width=\"1095\" height=\"1459\" srcset=\"https:\/\/www.ralfs.de\/wp-content\/uploads\/2020\/02\/s\u00e4ulen-768x1024.jpg 768w, https:\/\/www.ralfs.de\/wp-content\/uploads\/2020\/02\/s\u00e4ulen-225x300.jpg 225w, https:\/\/www.ralfs.de\/wp-content\/uploads\/2020\/02\/s\u00e4ulen-1152x1536.jpg 1152w, https:\/\/www.ralfs.de\/wp-content\/uploads\/2020\/02\/s\u00e4ulen.jpg 1488w\" sizes=\"(max-width: 1095px) 100vw, 1095px\" \/><\/figure>\n\n\n\n<div style=\"height:100px\" aria-hidden=\"true\" class=\"wp-block-spacer\"><\/div>\n\n\n\n<div style=\"height:100px\" aria-hidden=\"true\" class=\"wp-block-spacer\"><\/div>\n","protected":false},"excerpt":{"rendered":"<p>Wir k\u00fcmmern uns um Ihre Luftballondekoration. Von der klassischen S\u00e4ule, \u00fcber Tischdekorationen bis hin zur Gestaltung kompletter Hallen. Gemeinsam mit Ihnen, erstellen wir das Konzept, die Farbsprache, die Designelemente und produzieren schussendlich die k\u00fcnstlerische Luftballondekoration. Ma\u00dfgeschneidert f\u00fcr Ihren Anlass, gem\u00e4\u00df Ihrem Budget. Setzen Sie auf 20 j\u00e4hrige Erfahrung und das Know How aus vielen Gro\u00dfprojekten [&hellip;]<\/p>\n","protected":false},"author":1,"featured_media":0,"parent":0,"menu_order":0,"comment_status":"closed","ping_status":"closed","template":"","meta":[],"yoast_head":"<!-- This site is optimized with the Yoast SEO plugin v16.6.1 - https:\/\/yoast.com\/wordpress\/plugins\/seo\/ -->\n<title>Luftballon Dekoration -<\/title>\n<meta name=\"robots\" content=\"index, follow, max-snippet:-1, max-image-preview:large, max-video-preview:-1\" \/>\n<link rel=\"canonical\" href=\"https:\/\/www.ralfs.de\/hier-entsteht-eine-neue-homepage\/luftballon-dekoration\/\" \/>\n<meta property=\"og:locale\" content=\"de_DE\" \/>\n<meta property=\"og:type\" content=\"article\" \/>\n<meta property=\"og:title\" content=\"Luftballon Dekoration -\" \/>\n<meta property=\"og:description\" content=\"Wir k\u00fcmmern uns um Ihre Luftballondekoration. Von der klassischen S\u00e4ule, \u00fcber Tischdekorationen bis hin zur Gestaltung kompletter Hallen. Gemeinsam mit Ihnen, erstellen wir das Konzept, die Farbsprache, die Designelemente und produzieren schussendlich die k\u00fcnstlerische Luftballondekoration. Ma\u00dfgeschneidert f\u00fcr Ihren Anlass, gem\u00e4\u00df Ihrem Budget. Setzen Sie auf 20 j\u00e4hrige Erfahrung und das Know How aus vielen Gro\u00dfprojekten [&hellip;]\" \/>\n<meta property=\"og:url\" content=\"https:\/\/www.ralfs.de\/hier-entsteht-eine-neue-homepage\/luftballon-dekoration\/\" \/>\n<meta property=\"article:modified_time\" content=\"2020-02-23T16:06:54+00:00\" \/>\n<meta property=\"og:image\" content=\"https:\/\/www.ralfs.de\/wp-content\/uploads\/2020\/02\/65117980_307443823495921_8667635734410166272_n-1024x768.jpg\" \/>\n<meta name=\"twitter:card\" content=\"summary_large_image\" \/>\n<meta name=\"twitter:label1\" content=\"Gesch\u00e4tzte Lesezeit\" \/>\n\t<meta name=\"twitter:data1\" content=\"1\u00a0Minute\" \/>\n<script type=\"application\/ld+json\" class=\"yoast-schema-graph\">{\"@context\":\"https:\/\/schema.org\",\"@graph\":[{\"@type\":\"WebSite\",\"@id\":\"https:\/\/www.ralfs.de\/hier-entsteht-eine-neue-homepage\/#website\",\"url\":\"https:\/\/www.ralfs.de\/hier-entsteht-eine-neue-homepage\/\",\"name\":\"\",\"description\":\"\",\"potentialAction\":[{\"@type\":\"SearchAction\",\"target\":{\"@type\":\"EntryPoint\",\"urlTemplate\":\"https:\/\/www.ralfs.de\/hier-entsteht-eine-neue-homepage\/?s={search_term_string}\"},\"query-input\":\"required name=search_term_string\"}],\"inLanguage\":\"de\"},{\"@type\":\"ImageObject\",\"@id\":\"https:\/\/www.ralfs.de\/hier-entsteht-eine-neue-homepage\/luftballon-dekoration\/#primaryimage\",\"inLanguage\":\"de\",\"url\":\"https:\/\/www.ralfs.de\/wp-content\/uploads\/2020\/02\/65117980_307443823495921_8667635734410166272_n.jpg\",\"contentUrl\":\"https:\/\/www.ralfs.de\/wp-content\/uploads\/2020\/02\/65117980_307443823495921_8667635734410166272_n.jpg\",\"width\":1984,\"height\":1488},{\"@type\":\"WebPage\",\"@id\":\"https:\/\/www.ralfs.de\/hier-entsteht-eine-neue-homepage\/luftballon-dekoration\/#webpage\",\"url\":\"https:\/\/www.ralfs.de\/hier-entsteht-eine-neue-homepage\/luftballon-dekoration\/\",\"name\":\"Luftballon Dekoration -\",\"isPartOf\":{\"@id\":\"https:\/\/www.ralfs.de\/hier-entsteht-eine-neue-homepage\/#website\"},\"primaryImageOfPage\":{\"@id\":\"https:\/\/www.ralfs.de\/hier-entsteht-eine-neue-homepage\/luftballon-dekoration\/#primaryimage\"},\"datePublished\":\"2015-08-18T10:13:32+00:00\",\"dateModified\":\"2020-02-23T16:06:54+00:00\",\"breadcrumb\":{\"@id\":\"https:\/\/www.ralfs.de\/hier-entsteht-eine-neue-homepage\/luftballon-dekoration\/#breadcrumb\"},\"inLanguage\":\"de\",\"potentialAction\":[{\"@type\":\"ReadAction\",\"target\":[\"https:\/\/www.ralfs.de\/hier-entsteht-eine-neue-homepage\/luftballon-dekoration\/\"]}]},{\"@type\":\"BreadcrumbList\",\"@id\":\"https:\/\/www.ralfs.de\/hier-entsteht-eine-neue-homepage\/luftballon-dekoration\/#breadcrumb\",\"itemListElement\":[{\"@type\":\"ListItem\",\"position\":1,\"name\":\"Startseite\",\"item\":\"https:\/\/www.ralfs.de\/hier-entsteht-eine-neue-homepage\/\"},{\"@type\":\"ListItem\",\"position\":2,\"name\":\"Luftballon Dekoration\"}]}]}<\/script>\n<!-- \/ Yoast SEO plugin. -->","_links":{"self":[{"href":"https:\/\/www.ralfs.de\/hier-entsteht-eine-neue-homepage\/wp-json\/wp\/v2\/pages\/24"}],"collection":[{"href":"https:\/\/www.ralfs.de\/hier-entsteht-eine-neue-homepage\/wp-json\/wp\/v2\/pages"}],"about":[{"href":"https:\/\/www.ralfs.de\/hier-entsteht-eine-neue-homepage\/wp-json\/wp\/v2\/types\/page"}],"author":[{"embeddable":true,"href":"https:\/\/www.ralfs.de\/hier-entsteht-eine-neue-homepage\/wp-json\/wp\/v2\/users\/1"}],"replies":[{"embeddable":true,"href":"https:\/\/www.ralfs.de\/hier-entsteht-eine-neue-homepage\/wp-json\/wp\/v2\/comments?post=24"}],"version-history":[{"count":10,"href":"https:\/\/www.ralfs.de\/hier-entsteht-eine-neue-homepage\/wp-json\/wp\/v2\/pages\/24\/revisions"}],"predecessor-version":[{"id":880,"href":"https:\/\/www.ralfs.de\/hier-entsteht-eine-neue-homepage\/wp-json\/wp\/v2\/pages\/24\/revisions\/880"}],"wp:attachment":[{"href":"https:\/\/www.ralfs.de\/hier-entsteht-eine-neue-homepage\/wp-json\/wp\/v2\/media?parent=24"}],"curies":[{"name":"wp","href":"https:\/\/api.w.org\/{rel}","templated":true}]}}